{"id":7041,"date":"2024-10-24T20:13:21","date_gmt":"2024-10-24T18:13:21","guid":{"rendered":"https:\/\/dealturawines.com\/produit\/orange-blend-2023-paso-a-paso\/"},"modified":"2025-09-05T20:34:00","modified_gmt":"2025-09-05T18:34:00","slug":"orange-blend-2023-paso-a-paso","status":"publish","type":"product","link":"https:\/\/dealturawines.com\/en\/product\/orange-blend-2023-paso-a-paso\/","title":{"rendered":"Orange Blend 2023 &#8211; Paso a Paso Wines"},"content":{"rendered":"<p>Blend of Argentine Criolla grapes; Torront\u00e9s Riojano (30%), Ros\u00e9 Moscatel (30%), Pedro Gim\u00e9nez (30%) and Pinot Gris (10%), co-fermented with their skins for 90 days.<\/p>\n<p>This wine offers a unique taste range, combining freshness and tannic complexity. It may present sediments in the glass, denoting its natural production method. <\/p>\n","protected":false},"excerpt":{"rendered":"<p>Blend of Argentine Criolla grapes; Torront\u00e9s Riojano (30%), Ros\u00e9 Moscatel (30%), Pedro Gim\u00e9nez (30%) and Pinot Gris (10%), co-fermented with their skins for 90 days. This wine offers a unique taste range, combining freshness and tannic complexity. It may present sediments in the glass, denoting its natural production method.<\/p>\n","protected":false},"featured_media":7046,"template":"","meta":[],"product_brand":[],"product_cat":[521,519,604,576,574,538,606,573,522],"product_tag":[],"class_list":{"0":"post-7041","1":"product","2":"type-product","3":"status-publish","4":"has-post-thumbnail","6":"product_cat-500-1500-meters","7":"product_cat-argentina","8":"product_cat-moscatel-rosado","9":"product_cat-orange","10":"product_cat-organic","11":"product_cat-paso-a-paso-wines","12":"product_cat-pedro-gimenez","13":"product_cat-torrontes","14":"product_cat-valle-de-uco","15":"pa_altura-531","16":"pa_ano-561","17":"pa_bodega-paso-a-paso-wines","19":"first","20":"instock","21":"shipping-taxable","22":"purchasable","23":"product-type-simple"},"_links":{"self":[{"href":"https:\/\/dealturawines.com\/en\/wp-json\/wp\/v2\/product\/7041","targetHints":{"allow":["GET"]}}],"collection":[{"href":"https:\/\/dealturawines.com\/en\/wp-json\/wp\/v2\/product"}],"about":[{"href":"https:\/\/dealturawines.com\/en\/wp-json\/wp\/v2\/types\/product"}],"version-history":[{"count":2,"href":"https:\/\/dealturawines.com\/en\/wp-json\/wp\/v2\/product\/7041\/revisions"}],"predecessor-version":[{"id":7419,"href":"https:\/\/dealturawines.com\/en\/wp-json\/wp\/v2\/product\/7041\/revisions\/7419"}],"wp:featuredmedia":[{"embeddable":true,"href":"https:\/\/dealturawines.com\/en\/wp-json\/wp\/v2\/media\/7046"}],"wp:attachment":[{"href":"https:\/\/dealturawines.com\/en\/wp-json\/wp\/v2\/media?parent=7041"}],"wp:term":[{"taxonomy":"product_brand","embeddable":true,"href":"https:\/\/dealturawines.com\/en\/wp-json\/wp\/v2\/product_brand?post=7041"},{"taxonomy":"product_cat","embeddable":true,"href":"https:\/\/dealturawines.com\/en\/wp-json\/wp\/v2\/product_cat?post=7041"},{"taxonomy":"product_tag","embeddable":true,"href":"https:\/\/dealturawines.com\/en\/wp-json\/wp\/v2\/product_tag?post=7041"}],"curies":[{"name":"wp","href":"https:\/\/api.w.org\/{rel}","templated":true}]}}