{"id":3,"date":"2024-10-14T21:15:50","date_gmt":"2024-10-14T21:15:50","guid":{"rendered":"https:\/\/dealturawines.com\/?page_id=3"},"modified":"2025-01-30T17:40:13","modified_gmt":"2025-01-30T16:40:13","slug":"privacy-policy","status":"publish","type":"page","link":"https:\/\/dealturawines.com\/es\/privacy-policy\/","title":{"rendered":"Pol\u00edtica de Privacidad"},"content":{"rendered":"\t\t<div data-elementor-type=\"wp-page\" data-elementor-id=\"3\" class=\"elementor elementor-3\" data-elementor-post-type=\"page\">\n\t\t\t\t<div class=\"elementor-element elementor-element-1054fe6 e-flex e-con-boxed e-con e-parent\" data-id=\"1054fe6\" data-element_type=\"container\" data-e-type=\"container\" data-settings=\"{&quot;background_background&quot;:&quot;classic&quot;,&quot;jet_parallax_layout_list&quot;:[]}\">\n\t\t\t\t\t<div class=\"e-con-inner\">\n\t\t\t\t\t<\/div>\n\t\t\t\t<\/div>\n\t\t<div class=\"elementor-element elementor-element-8b4c18b e-flex e-con-boxed e-con e-parent\" data-id=\"8b4c18b\" data-element_type=\"container\" data-e-type=\"container\" data-settings=\"{&quot;jet_parallax_layout_list&quot;:[]}\">\n\t\t\t\t\t<div class=\"e-con-inner\">\n\t\t\t\t<div class=\"elementor-element elementor-element-b383ca7 elementor-widget elementor-widget-jet-listing-dynamic-field\" data-id=\"b383ca7\" data-element_type=\"widget\" data-e-type=\"widget\" data-widget_type=\"jet-listing-dynamic-field.default\">\n\t\t\t\t<div class=\"elementor-widget-container\">\n\t\t\t\t\t<div class=\"jet-listing-dynamic-field__content\" >\u00daltima actualizaci\u00f3n: enero 30, 2025<\/div>\t\t\t\t<\/div>\n\t\t\t\t<\/div>\n\t\t\t\t<div class=\"elementor-element elementor-element-a79463d elementor-widget elementor-widget-text-editor\" data-id=\"a79463d\" data-element_type=\"widget\" data-e-type=\"widget\" data-widget_type=\"text-editor.default\">\n\t\t\t\t<div class=\"elementor-widget-container\">\n\t\t\t\t\t\t\t\t\t<p>DEALTURA, S.L. (en adelante, \u201cDEALTURA\u201d) como titular de la p\u00e1gina web www.dealturawines.com y de las aplicaciones para m\u00f3vil iOS \/ Android asociadas (en adelante, los \u00abPortales\u00bb) es consciente del valor de su informaci\u00f3n personal, por lo que se preocupa y esfuerza constantemente por proteger la privacidad de sus usuarios.<\/p><p>Este documento ha sido elaborado de conformidad con el art. 13 del Reglamento de la UE 2016\/679 (en adelante, el \u00abRGPD\u00bb) con el fin de permitirle conocer nuestra pol\u00edtica de privacidad, comprender c\u00f3mo se trata su informaci\u00f3n personal cuando navega en nuestros Portales y, en su caso, dar su consentimiento para el tratamiento de sus datos personales de forma expresa e informada.<\/p><p>La informaci\u00f3n y los datos facilitados por usted ser\u00e1n tratados de conformidad con las disposiciones del RGPD y las obligaciones de confidencialidad que inspiran la actividad de DEALTURA.<\/p><p>De acuerdo con las normas del RGPD, el tratamiento efectuado por DEALTURA se basar\u00e1 en los principios de legalidad, equidad, transparencia, limitaci\u00f3n de la finalidad del tratamiento, minimizaci\u00f3n de los datos, exactitud, integridad y confidencialidad.<\/p><h2>\u00cdNDICE<\/h2><ol><li><h3>Responsable del tratamiento<\/h3><\/li><li><h3>Datos personales objeto de tratamiento<\/h3><\/li><li><h3>Datos de navegaci\u00f3n<\/h3><\/li><li><h3>Datos facilitados voluntariamente por el interesado<\/h3><\/li><li><h3>Cookies<\/h3><\/li><li><h3>Finalidad del tratamiento<\/h3><\/li><li><h3>Base legal y car\u00e1cter obligatorio o facultativo del tratamiento<\/h3><\/li><li><h3>Destinatarios de los datos personales<\/h3><\/li><li><h3>Conservaci\u00f3n de datos personales<\/h3><\/li><li><h3>Derechos del interesado<\/h3><\/li><li><h3>Modificaciones<\/h3><\/li><\/ol><h3 id=\"1\">1. Responsable del tratamiento<\/h3><p>El responsable del tratamiento de sus datos es DEALTURA, S.L. con C.I.F. B86069093, domicilio social en calle Gustavo Fern\u00e1ndez Balbuena, 11 &#8211; 28002 (Madrid) y direcci\u00f3n de correo electr\u00f3nico de contacto privacy@DEALTURA.com y socios@DEALTURA.com.<\/p><h3 id=\"2\">2. Datos personales objeto de tratamiento<\/h3><p>Le informamos de que DEALTURA tratar\u00e1 \u00fanicamente los datos personales que sean estrictamente necesarios para la correcta navegaci\u00f3n por los Portales y para las finalidades descritas en el siguiente punto 3 \u201cFinalidades del tratamiento\u201d (en lo sucesivo, \u00abDatos Personales\u00bb).<\/p><p>Los Datos Personales tratados a trav\u00e9s de los Portales son los siguientes:<\/p><h4>a. Datos de navegaci\u00f3n<\/h4><p>Los sistemas inform\u00e1ticos y los procedimientos de software utilizados para el funcionamiento de los Portales adquieren, durante su funcionamiento normal, algunos Datos Personales cuya transmisi\u00f3n est\u00e1 impl\u00edcita en los protocolos de comunicaci\u00f3n de Internet. Esta informaci\u00f3n no se recoge para ser asociada a usuarios identificados. Sin embargo, por su propia naturaleza podr\u00eda, a trav\u00e9s del tratamiento y asociaci\u00f3n con datos en poder de terceros, permitir la identificaci\u00f3n de tales usuarios. Esta categor\u00eda de datos incluye las direcciones IP o los nombres de dominio de los ordenadores utilizados por los usuarios que se conectan a los Portales, el URI (Uniform Resource Identifier) de los recursos solicitados, la hora de la solicitud, el m\u00e9todo utilizado para enviar la solicitud al servidor, el tama\u00f1o del archivo obtenido en respuesta, el c\u00f3digo num\u00e9rico que indica el estado de la respuesta del servidor (correcto, error, etc.) y otros par\u00e1metros relativos al sistema operativo y al entorno inform\u00e1tico. Estos datos se utilizan con el \u00fanico fin de obtener informaci\u00f3n estad\u00edstica an\u00f3nima sobre el uso de los Portales y para comprobar su correcto funcionamiento, para identificar anomal\u00edas y\/o abusos, y se eliminan inmediatamente despu\u00e9s de su tratamiento. Los datos podr\u00edan ser utilizados para determinar la responsabilidad en caso de hipot\u00e9ticos delitos inform\u00e1ticos contra los Portales o contra terceros.<\/p><h4>b. Datos facilitados voluntariamente por el interesado<\/h4><p>Si es usted usuario registrado (\u201cCliente\u201d), se le requerir\u00e1n: nombre y apellidos, email, direcci\u00f3n postal, tel\u00e9fono, datos de facturaci\u00f3n, fecha de nacimiento, g\u00e9nero. En caso de clientes que sean persona jur\u00eddica se requerir\u00e1n su denominaci\u00f3n social, direcci\u00f3n postal, datos de facturaci\u00f3n, nombre y apellidos, email, tel\u00e9fono del representante.<\/p><p>Si es usted (potencial) proveedor (\u201cProveedor\u201d), se le requerir\u00e1n: su denominaci\u00f3n social, direcci\u00f3n postal, datos de facturaci\u00f3n, nombre y apellidos, email, tel\u00e9fono del representante.<\/p><p>Si es usted candidato a empleo (\u201cCandidato\u201d), se le requerir\u00e1n: nombre y apellidos, email, tel\u00e9fono y datos curriculares.<\/p><p>Cuando usted utiliza adquiere ciertos productos en la p\u00e1gina web (por ejemplo, la \u201ctarjeta regalo\u201d o la \u201csuscripci\u00f3n de regalo a The Box\u201d), o cuando padrina a un potencial cliente, podemos procesar Datos Personales de terceros que usted env\u00ede a DEALTURA. Con respecto a estos casos, usted es el propietario independiente del tratamiento, asumiendo todas las obligaciones y responsabilidades de la ley. En este sentido, otorga la m\u00e1s amplia indemnizaci\u00f3n posible respecto de cualquier controversia, reclamaci\u00f3n, solicitud de indemnizaci\u00f3n por da\u00f1os y perjuicios derivados del tratamiento, etc. que pueda llegar a DEALTURA por parte de terceros cuyos Datos Personales hayan sido tratados a trav\u00e9s de las funcionalidades de los Portales en violaci\u00f3n de la normativa aplicable en materia de protecci\u00f3n de datos personales. En cualquier caso, si usted proporciona o trata de otra manera los Datos Personales de terceros en el uso de los Portales, usted garantiza en este momento &#8211; asumiendo toda la responsabilidad relacionada &#8211; que este caso particular de tratamiento se basa en una base legal apropiada de conformidad con el art. 6 del RGPD que legitima el tratamiento de la informaci\u00f3n en cuesti\u00f3n.<\/p><h4>c. Cookies<\/h4><p>Los Portales utilizan cookies anal\u00edticas de terceros para ofrecerle servicios que se ajusten a las preferencias que usted ha expresado al navegar por la red. Puede encontrar informaci\u00f3n concreta sobre este apartado accediendo al enlace Pol\u00edtica de cookies.<\/p><h3 id=\"3\">3. Finalidades del tratamiento<\/h3><p>El tratamiento que pretendemos llevar a cabo, con su consentimiento expreso cuando sea necesario, tiene las siguientes finalidades:<\/p>\t\t\t\t\t\t\t\t<\/div>\n\t\t\t\t<\/div>\n\t\t\t\t<div class=\"elementor-element elementor-element-48c9866 elementor-widget elementor-widget-jet-table\" data-id=\"48c9866\" data-element_type=\"widget\" data-e-type=\"widget\" data-widget_type=\"jet-table.default\">\n\t\t\t\t<div class=\"elementor-widget-container\">\n\t\t\t\t\t<div class=\"elementor-jet-table jet-elements\">\n\t\t<div class=\"jet-table-wrapper\">\n\t\t\t<table class=\"jet-table jet-table--fa5-compat\">\n\t\t\t\t<thead class=\"jet-table__head\"><tr class=\"jet-table__head-row\"><th class=\"jet-table__cell elementor-repeater-item-9e4bc1c jet-table__head-cell\" scope=\"col\"><div class=\"jet-table__cell-inner\"><div class=\"jet-table__cell-content\"><div class=\"jet-table__cell-text\"> Categor\u00eda de interesados<\/div><\/div><\/div><\/th><th class=\"jet-table__cell elementor-repeater-item-6db5217 jet-table__head-cell\" scope=\"col\"><div class=\"jet-table__cell-inner\"><div class=\"jet-table__cell-content\"><div class=\"jet-table__cell-text\"> Finalidad<\/div><\/div><\/div><\/th><\/tr><\/thead>\n\t\t\t\t\t\t\t\t<tbody class=\"jet-table__body\"><tr class=\"jet-table__body-row elementor-repeater-item-7096d4b\"><td class=\"jet-table__cell elementor-repeater-item-a8c2893 jet-table__body-cell\"><div class=\"jet-table__cell-inner\"><div class=\"jet-table__cell-content\"><div class=\"jet-table__cell-text\">Usuario visitante de los Portales\n<\/div><\/div><\/div><\/td><td class=\"jet-table__cell elementor-repeater-item-bb1164c jet-table__body-cell\"><div class=\"jet-table__cell-inner\"><div class=\"jet-table__cell-content\"><div class=\"jet-table__cell-text\">An\u00e1lisis de usabilidad y de calidad para la mejora de nuestros servicios\n<\/div><\/div><\/div><\/td><\/tr><tr class=\"jet-table__body-row elementor-repeater-item-312a1f8\"><td class=\"jet-table__cell elementor-repeater-item-5fe8be0 jet-table__body-cell\"><div class=\"jet-table__cell-inner\"><div class=\"jet-table__cell-content\"><div class=\"jet-table__cell-text\">Cliente<\/div><\/div><\/div><\/td><td class=\"jet-table__cell elementor-repeater-item-16d24ef jet-table__body-cell\"><div class=\"jet-table__cell-inner\"><div class=\"jet-table__cell-content\"><div class=\"jet-table__cell-text\"><ul>\n \t<li>Gesti\u00f3n comercial, contable y administrativa de clientes.<\/li>\n \t<li>Prestaci\u00f3n de los servicios solicitados por el cliente.<\/li>\n \t<li>Acceso al \u00e1rea de clientes de la web\/apps de DEALTURA.<\/li>\n \t<li>Recogida y publicaci\u00f3n de valoraciones sobre productos.<\/li>\n \t<li>Responder a las solicitudes de asistencia o informaci\u00f3n y a potenciales reclamaciones.<\/li>\n \t<li>Env\u00edo de comunicaciones comerciales sobre productos y servicios de DEALTURA, incluida la revista, en caso de haberlo consentido expresamente.<\/li>\n \t<li>Elaboraci\u00f3n de perfiles comerciales mediante tratamientos automatizados con el fin de desarrollar acciones comerciales sobre los productos de DEALTURA, en base al hist\u00f3rico de compras.<\/li>\n<\/ul>\n<\/div><\/div><\/div><\/td><\/tr><tr class=\"jet-table__body-row elementor-repeater-item-30dcd4c\"><td class=\"jet-table__cell elementor-repeater-item-d37b708 jet-table__body-cell\"><div class=\"jet-table__cell-inner\"><div class=\"jet-table__cell-content\"><div class=\"jet-table__cell-text\">Todos los anteriores<\/div><\/div><\/div><\/td><td class=\"jet-table__cell elementor-repeater-item-3ea297b jet-table__body-cell\"><div class=\"jet-table__cell-inner\"><div class=\"jet-table__cell-content\"><div class=\"jet-table__cell-text\">Cumplir con las obligaciones legales, contables y fiscales que corresponden a DEALTURA.<\/div><\/div><\/div><\/td><\/tr><\/tbody>\n\t\t\t<\/table>\n\t\t<\/div>\n\n\t\t<\/div>\t\t\t\t<\/div>\n\t\t\t\t<\/div>\n\t\t\t\t<div class=\"elementor-element elementor-element-cbd462d elementor-widget elementor-widget-text-editor\" data-id=\"cbd462d\" data-element_type=\"widget\" data-e-type=\"widget\" data-widget_type=\"text-editor.default\">\n\t\t\t\t<div class=\"elementor-widget-container\">\n\t\t\t\t\t\t\t\t\t<h3 id=\"4\">4. Base legal y car\u00e1cter obligatorio o facultativo del tratamiento<\/h3>\t\t\t\t\t\t\t\t<\/div>\n\t\t\t\t<\/div>\n\t\t\t\t<div class=\"elementor-element elementor-element-63f5e08 elementor-widget elementor-widget-jet-table\" data-id=\"63f5e08\" data-element_type=\"widget\" data-e-type=\"widget\" data-widget_type=\"jet-table.default\">\n\t\t\t\t<div class=\"elementor-widget-container\">\n\t\t\t\t\t<div class=\"elementor-jet-table jet-elements\">\n\t\t<div class=\"jet-table-wrapper\">\n\t\t\t<table class=\"jet-table jet-table--fa5-compat\">\n\t\t\t\t<thead class=\"jet-table__head\"><tr class=\"jet-table__head-row\"><th class=\"jet-table__cell elementor-repeater-item-9e4bc1c jet-table__head-cell\" scope=\"col\"><div class=\"jet-table__cell-inner\"><div class=\"jet-table__cell-content\"><div class=\"jet-table__cell-text\">Finalidad<\/div><\/div><\/div><\/th><th class=\"jet-table__cell elementor-repeater-item-6db5217 jet-table__head-cell\" scope=\"col\"><div class=\"jet-table__cell-inner\"><div class=\"jet-table__cell-content\"><div class=\"jet-table__cell-text\"> Legitimaci\u00f3n<\/div><\/div><\/div><\/th><\/tr><\/thead>\n\t\t\t\t\t\t\t\t<tbody class=\"jet-table__body\"><tr class=\"jet-table__body-row elementor-repeater-item-7096d4b\"><td class=\"jet-table__cell elementor-repeater-item-a8c2893 jet-table__body-cell\"><div class=\"jet-table__cell-inner\"><div class=\"jet-table__cell-content\"><div class=\"jet-table__cell-text\">An\u00e1lisis de usabilidad y de calidad para la mejora de nuestros servicios.<\/div><\/div><\/div><\/td><td class=\"jet-table__cell elementor-repeater-item-bb1164c jet-table__body-cell\"><div class=\"jet-table__cell-inner\"><div class=\"jet-table__cell-content\"><div class=\"jet-table__cell-text\">El cumplimiento de la relaci\u00f3n contractual (en particular, de las Condiciones de Uso) (art. 6. 1 b) del RGPD).<\/div><\/div><\/div><\/td><\/tr><tr class=\"jet-table__body-row elementor-repeater-item-312a1f8\"><td class=\"jet-table__cell elementor-repeater-item-5fe8be0 jet-table__body-cell\"><div class=\"jet-table__cell-inner\"><div class=\"jet-table__cell-content\"><div class=\"jet-table__cell-text\"><ul>\n \t<li>Gesti\u00f3n comercial, contable y administrativa de clientes.<\/li>\n \t<li>Prestaci\u00f3n de los servicios solicitados por el cliente.<\/li>\n \t<li>Acceso al \u00e1rea de clientes de la web\/apps de DEALTURA.<\/li>\n \t<li>Recogida y publicaci\u00f3n de valoraciones sobre productos.<\/li>\n \t<li>Responder a las solicitudes de asistencia o informaci\u00f3n.<\/li>\n<\/ul>\n<\/div><\/div><\/div><\/td><td class=\"jet-table__cell elementor-repeater-item-16d24ef jet-table__body-cell\"><div class=\"jet-table__cell-inner\"><div class=\"jet-table__cell-content\"><div class=\"jet-table__cell-text\">El tratamiento es necesario para el mantenimiento de la relaci\u00f3n contractual o para responder a las solicitudes de la persona interesada (art. 6. 1 b) del RGPD).<\/div><\/div><\/div><\/td><\/tr><tr class=\"jet-table__body-row elementor-repeater-item-30dcd4c\"><td class=\"jet-table__cell elementor-repeater-item-d37b708 jet-table__body-cell\"><div class=\"jet-table__cell-inner\"><div class=\"jet-table__cell-content\"><div class=\"jet-table__cell-text\">Env\u00edo de comunicaciones comerciales a sobre productos y servicios de DEALTURA, incluida la revista.\nElaboraci\u00f3n de perfiles comerciales mediante tratamientos automatizados con el fin de desarrollar acciones comerciales sobre los productos de DEALTURA, en base al hist\u00f3rico de compras.<\/div><\/div><\/div><\/td><td class=\"jet-table__cell elementor-repeater-item-3ea297b jet-table__body-cell\"><div class=\"jet-table__cell-inner\"><div class=\"jet-table__cell-content\"><div class=\"jet-table__cell-text\"><ul>\n \t<li>El consentimiento que nos haya otorgado.<\/li>\n \t<li>El inter\u00e9s leg\u00edtimo de DEALTURA (art. 6. 1 f) del RGPD).<\/li>\n<\/ul>\n<\/div><\/div><\/div><\/td><\/tr><tr class=\"jet-table__body-row elementor-repeater-item-c5d7616\"><td class=\"jet-table__cell elementor-repeater-item-1ebc0ae jet-table__body-cell\"><div class=\"jet-table__cell-inner\"><div class=\"jet-table__cell-content\"><div class=\"jet-table__cell-text\"><ul>\n \t<li>Evaluar candidatura a vacante de empleo..<\/li>\n \t<li>Concertar entrevistas..<\/li>\n<\/ul>\n<\/div><\/div><\/div><\/td><td class=\"jet-table__cell elementor-repeater-item-a37ffea jet-table__body-cell\"><div class=\"jet-table__cell-inner\"><div class=\"jet-table__cell-content\"><div class=\"jet-table__cell-text\">El tratamiento es necesario para atender las solicitudes de la persona interesada (art. 6. 1 b) del RGPD).<\/div><\/div><\/div><\/td><\/tr><tr class=\"jet-table__body-row elementor-repeater-item-4a486de\"><td class=\"jet-table__cell elementor-repeater-item-11b099f jet-table__body-cell\"><div class=\"jet-table__cell-inner\"><div class=\"jet-table__cell-content\"><div class=\"jet-table__cell-text\">Cumplir con las obligaciones legales, contables y fiscales que corresponden a DEALTURA.<\/div><\/div><\/div><\/td><td class=\"jet-table__cell elementor-repeater-item-58e7ca0 jet-table__body-cell\"><div class=\"jet-table__cell-inner\"><div class=\"jet-table__cell-content\"><div class=\"jet-table__cell-text\">La normativa aplicable en cada caso (art. 6. 1 c) del RGPD).<\/div><\/div><\/div><\/td><\/tr><\/tbody>\n\t\t\t<\/table>\n\t\t<\/div>\n\n\t\t<\/div>\t\t\t\t<\/div>\n\t\t\t\t<\/div>\n\t\t\t\t<div class=\"elementor-element elementor-element-f8bb56a elementor-widget elementor-widget-text-editor\" data-id=\"f8bb56a\" data-element_type=\"widget\" data-e-type=\"widget\" data-widget_type=\"text-editor.default\">\n\t\t\t\t<div class=\"elementor-widget-container\">\n\t\t\t\t\t\t\t\t\t<h3 id=\"5\">5. Destinatarios de los datos personales<\/h3><p>Sus Datos Personales podr\u00e1n ser compartidos, para los fines establecidos en la secci\u00f3n 3 anterior, con:<\/p><p>a. sujetos que act\u00faan t\u00edpicamente como encargados de tratamiento de datos, es decir: i) personas, compa\u00f1\u00edas o firmas profesionales que brindan asistencia y asesor\u00eda a DEALTURA en asuntos contables, administrativos, legales, tributarios, financieros y de cobro de cr\u00e9ditos; ii) sujetos con los cuales es necesario interactuar para la prestaci\u00f3n de los servicios (por ejemplo, proveedores de hosting, empresa de env\u00edo de pedidos); iii) sujetos delegados para llevar a cabo actividades de mantenimiento t\u00e9cnico (incluyendo el mantenimiento de equipos de red y redes de comunicaci\u00f3n electr\u00f3nica) (en adelante, conjuntamente, los \u00abDestinatarios\u00bb);<\/p><p>b. personas, entidades o autoridades a las que es obligatorio comunicar sus datos personales, en virtud de disposiciones legales u \u00f3rdenes de las autoridades;<br \/>Algunos de sus Datos Personales se comparten con Destinatarios que pueden estar ubicados fuera del Espacio Econ\u00f3mico Europeo. A este respecto, DEALTURA garantiza que el tratamiento de sus Datos Personales por parte de estos Destinatarios se lleva a cabo de conformidad con el RGPD. De hecho, las transferencias pueden basarse en una decisi\u00f3n de adecuaci\u00f3n, en cl\u00e1usulas contractuales aprobadas por la Comisi\u00f3n Europea o en otro fundamento jur\u00eddico apropiado.<\/p><p>Puede obtenerse m\u00e1s informaci\u00f3n contactando directamente con nosotros (ver datos de contacto indicados en el p\u00e1rrafo 7. Derechos de los interesados).<\/p><h3 id=\"6\">6. Conservaci\u00f3n de datos<\/h3><p>DEALTURA solo almacena su informaci\u00f3n personal en la medida en que la necesitamos a fin de poder utilizarla seg\u00fan las finalidades para la que fueron recabados, y seg\u00fan la base jur\u00eddica del tratamiento de la misma de conformidad con la ley aplicable. Su informaci\u00f3n personal se mantendr\u00e1 mientras exista una relaci\u00f3n contractual y\/o comercial o mientras no ejerza su derecho de supresi\u00f3n, cancelaci\u00f3n y\/o limitaci\u00f3n del tratamiento de tus datos.<\/p><p>Una vez que haya finalizado la relaci\u00f3n con usted por alguno de los motivos se\u00f1alados, la informaci\u00f3n se conservar\u00e1 debidamente bloqueada, sin darle ning\u00fan uso, mientras pueda ser necesaria para el ejercicio o defensa de reclamaciones o pueda derivarse alg\u00fan tipo de responsabilidad judicial, legal o contractual de su tratamiento, que deba ser atendida y para lo cual sea necesaria su recuperaci\u00f3n.<\/p><h3 id=\"7\">7. Derechos de los interesados<\/h3><p>En cualquier momento, usted podr\u00e1 ejercitar los derechos de acceso, rectificaci\u00f3n, supresi\u00f3n, limitaci\u00f3n, cancelaci\u00f3n, portabilidad y oposici\u00f3n respecto a sus datos personales mediante comunicaci\u00f3n con DEALTURA cuyos datos de contacto indicamos a continuaci\u00f3n:<\/p><ul><li>Domicilio social: Calle Gustavo Fern\u00e1ndez Balbuena, 11 &#8211; 28002 (Madrid)<\/li><li>Direcci\u00f3n de correo electr\u00f3nico: socios@DEALTURA.com<\/li><li>Tel\u00e9fono: 91 198 12 37 (de lunes a viernes de 10.00 a 19.00 horas)<\/li><\/ul><p>Asimismo, se puede contactar con nuestro Delegado de Protecci\u00f3n de Datos (\u201cDPD\u201d) en el correo electr\u00f3nico siguiente: privacy@DEALTURA.com<\/p><p>Dicha comunicaci\u00f3n deber\u00e1 incluir nombre y apellidos, petici\u00f3n en que se concreta la solicitud, direcci\u00f3n a efectos de notificaciones, fecha, firma y fotocopia del DNI u otro documento v\u00e1lido que lo identifique. El ejercicio de estos derechos es gratuito.<\/p><p>En caso de que tenga cualquier conflicto en relaci\u00f3n con la protecci\u00f3n de sus datos personales, podr\u00e1 presentar una reclamaci\u00f3n ante la AEPD (<a href=\"http:\/\/www.aepd.es\/\">www.aepd.es<\/a>)<\/p><h3 id=\"8\">8. Modificaciones<\/h3><p>DEALTURA se reserva el derecho a modificar o simplemente actualizar el contenido, en parte o en su totalidad, tambi\u00e9n debido a cambios en la legislaci\u00f3n aplicable. En consecuencia, le invitamos a visitar regularmente esta secci\u00f3n para conocer la \u00faltima y m\u00e1s actualizada versi\u00f3n de la pol\u00edtica de privacidad con el fin de estar siempre actualizado sobre los datos recogidos y el uso que hace DEALTURA.<\/p><p>En cualquier caso, cuando se produzcan cambios significativos, se comunicar\u00e1 al usuario a trav\u00e9s de un aviso en los Portales para ofrecer la posibilidad de revisar los cambios antes de que se hagan efectivos.<\/p><p><strong>M\u00e1s informaci\u00f3n sobre el tratamiento de tus datos<\/strong><\/p><p>Es posible que a trav\u00e9s de los Portales se permita la redirecci\u00f3n o el acceso por parte de los Usuarios a p\u00e1ginas web de terceros (proveedores de servicios o distribuidores, entre otros). En cualquier caso, si opta por abandonar cualquiera de nuestros Portales a trav\u00e9s de enlaces a sitios web no pertenecientes a nuestra entidad, ni los Portales ni sus representantes legales se hacen responsables ni del contenido ni de la veracidad de las pol\u00edticas de privacidad que puedan tener tales terceros, ni de las cookies que \u00e9stos puedan almacenar en el ordenador del usuario.<\/p>\t\t\t\t\t\t\t\t<\/div>\n\t\t\t\t<\/div>\n\t\t\t\t\t<\/div>\n\t\t\t\t<\/div>\n\t\t\t\t<\/div>\n\t\t","protected":false},"excerpt":{"rendered":"<p>\u00daltima actualizaci\u00f3n: enero 29, 2025 DEALTURA, S.L. (en adelante, \u201cDEALTURA\u201d) como titular de la p\u00e1gina web www.dealturawines.com y de las aplicaciones para m\u00f3vil iOS \/ Android asociadas (en adelante, los \u00abPortales\u00bb) es consciente del valor de su informaci\u00f3n personal, por lo que se preocupa y esfuerza constantemente por proteger la privacidad de sus usuarios. Este [&hellip;]<\/p>\n","protected":false},"author":1,"featured_media":0,"parent":0,"menu_order":0,"comment_status":"closed","ping_status":"closed","template":"","meta":{"footnotes":""},"class_list":["post-3","page","type-page","status-publish","hentry"],"_links":{"self":[{"href":"https:\/\/dealturawines.com\/es\/wp-json\/wp\/v2\/pages\/3","targetHints":{"allow":["GET"]}}],"collection":[{"href":"https:\/\/dealturawines.com\/es\/wp-json\/wp\/v2\/pages"}],"about":[{"href":"https:\/\/dealturawines.com\/es\/wp-json\/wp\/v2\/types\/page"}],"author":[{"embeddable":true,"href":"https:\/\/dealturawines.com\/es\/wp-json\/wp\/v2\/users\/1"}],"replies":[{"embeddable":true,"href":"https:\/\/dealturawines.com\/es\/wp-json\/wp\/v2\/comments?post=3"}],"version-history":[{"count":10,"href":"https:\/\/dealturawines.com\/es\/wp-json\/wp\/v2\/pages\/3\/revisions"}],"predecessor-version":[{"id":6227,"href":"https:\/\/dealturawines.com\/es\/wp-json\/wp\/v2\/pages\/3\/revisions\/6227"}],"wp:attachment":[{"href":"https:\/\/dealturawines.com\/es\/wp-json\/wp\/v2\/media?parent=3"}],"curies":[{"name":"wp","href":"https:\/\/api.w.org\/{rel}","templated":true}]}}