{"id":271,"date":"2024-10-24T06:54:13","date_gmt":"2024-10-24T04:54:13","guid":{"rendered":"https:\/\/dealturawines.com\/product\/gran-sombrero-malbec-2022-huentala-wines\/"},"modified":"2026-03-25T16:35:27","modified_gmt":"2026-03-25T15:35:27","slug":"gran-sombrero-malbec-2023-huentala-wines","status":"publish","type":"product","link":"https:\/\/dealturawines.com\/es\/producto\/gran-sombrero-malbec-2023-huentala-wines\/","title":{"rendered":"Gran Sombrero Malbec 2023 &#8211; Huentala Wines"},"content":{"rendered":"<p>De color viol\u00e1ceo profundo.<\/p>\n<p>En nariz refleja la aut\u00e9ntica expresi\u00f3n de Gualtallary, coraz\u00f3n del Valle de Uco, a trav\u00e9s de sutiles aromas florales (violetas), frutales (frutos rojos, como frutilla, mora y frambuesa), frutos del bosque y delicadas notas a bayas silvestres.<\/p>\n","protected":false},"excerpt":{"rendered":"<p>De color viol\u00e1ceo profundo. En nariz refleja la aut\u00e9ntica expresi\u00f3n de Gualtallary, coraz\u00f3n del Valle de Uco, a trav\u00e9s de sutiles aromas florales (violetas), frutales (frutos rojos, como frutilla, mora y frambuesa), frutos del bosque y delicadas notas a bayas silvestres.<\/p>\n","protected":false},"featured_media":557,"template":"","meta":[],"product_brand":[],"product_cat":[76,47,163,31,70,139],"product_tag":[],"class_list":{"0":"post-271","1":"product","2":"type-product","3":"status-publish","4":"has-post-thumbnail","6":"product_cat-500-1500-metros","7":"product_cat-argentina","8":"product_cat-huentala-wines","9":"product_cat-malbec","10":"product_cat-tinto","11":"product_cat-valle-de-uco","12":"pa_altura-99","13":"pa_ano-113","14":"pa_bodega-huentala-wines","16":"first","17":"instock","18":"shipping-taxable","19":"purchasable","20":"product-type-simple"},"_links":{"self":[{"href":"https:\/\/dealturawines.com\/es\/wp-json\/wp\/v2\/product\/271","targetHints":{"allow":["GET"]}}],"collection":[{"href":"https:\/\/dealturawines.com\/es\/wp-json\/wp\/v2\/product"}],"about":[{"href":"https:\/\/dealturawines.com\/es\/wp-json\/wp\/v2\/types\/product"}],"version-history":[{"count":3,"href":"https:\/\/dealturawines.com\/es\/wp-json\/wp\/v2\/product\/271\/revisions"}],"predecessor-version":[{"id":6640,"href":"https:\/\/dealturawines.com\/es\/wp-json\/wp\/v2\/product\/271\/revisions\/6640"}],"wp:featuredmedia":[{"embeddable":true,"href":"https:\/\/dealturawines.com\/es\/wp-json\/wp\/v2\/media\/557"}],"wp:attachment":[{"href":"https:\/\/dealturawines.com\/es\/wp-json\/wp\/v2\/media?parent=271"}],"wp:term":[{"taxonomy":"product_brand","embeddable":true,"href":"https:\/\/dealturawines.com\/es\/wp-json\/wp\/v2\/product_brand?post=271"},{"taxonomy":"product_cat","embeddable":true,"href":"https:\/\/dealturawines.com\/es\/wp-json\/wp\/v2\/product_cat?post=271"},{"taxonomy":"product_tag","embeddable":true,"href":"https:\/\/dealturawines.com\/es\/wp-json\/wp\/v2\/product_tag?post=271"}],"curies":[{"name":"wp","href":"https:\/\/api.w.org\/{rel}","templated":true}]}}