{"id":272,"date":"2024-10-24T06:54:13","date_gmt":"2024-10-24T04:54:13","guid":{"rendered":"https:\/\/dealturawines.com\/product\/gran-sombrero-chardonnay-2021-huentala-wines\/"},"modified":"2025-08-25T21:49:47","modified_gmt":"2025-08-25T19:49:47","slug":"gran-sombrero-chardonnay-2023-huentala-wines","status":"publish","type":"product","link":"https:\/\/dealturawines.com\/es\/producto\/gran-sombrero-chardonnay-2023-huentala-wines\/","title":{"rendered":"Gran Sombrero Chardonnay 2023 &#8211; Huentala Wines"},"content":{"rendered":"<p>L\u00edmpido y brillante, en nariz se destaca por delicadas sensaciones florales y de hierbas, con final que recuerda a frutos negros.<\/p>\n<p>Sobresalen delicadas notas a frutos secos (almendra tostada, nuez y avellana) en perfecta sinton\u00eda con aromas c\u00edtricos (manzana verde, lima, pi\u00f1a), minerales y sutiles toques de vainilla aportados por las barricas de roble.<\/p>\n","protected":false},"excerpt":{"rendered":"<p>L\u00edmpido y brillante, en nariz se destaca por delicadas sensaciones florales y de hierbas, con final que recuerda a frutos negros. Sobresalen delicadas notas a frutos secos (almendra tostada, nuez y avellana) en perfecta sinton\u00eda con aromas c\u00edtricos (manzana verde, lima, pi\u00f1a), minerales y sutiles toques de vainilla aportados por las barricas de roble.<\/p>\n","protected":false},"featured_media":556,"template":"","meta":[],"product_brand":[],"product_cat":[76,47,71,35,163,139],"product_tag":[],"class_list":{"0":"post-272","1":"product","2":"type-product","3":"status-publish","4":"has-post-thumbnail","6":"product_cat-500-1500-metros","7":"product_cat-argentina","8":"product_cat-blanco","9":"product_cat-chardonnay","10":"product_cat-huentala-wines","11":"product_cat-valle-de-uco","12":"pa_altura-99","13":"pa_ano-408","14":"pa_bodega-huentala-wines","16":"first","17":"instock","18":"shipping-taxable","19":"purchasable","20":"product-type-simple"},"_links":{"self":[{"href":"https:\/\/dealturawines.com\/es\/wp-json\/wp\/v2\/product\/272","targetHints":{"allow":["GET"]}}],"collection":[{"href":"https:\/\/dealturawines.com\/es\/wp-json\/wp\/v2\/product"}],"about":[{"href":"https:\/\/dealturawines.com\/es\/wp-json\/wp\/v2\/types\/product"}],"version-history":[{"count":3,"href":"https:\/\/dealturawines.com\/es\/wp-json\/wp\/v2\/product\/272\/revisions"}],"predecessor-version":[{"id":6642,"href":"https:\/\/dealturawines.com\/es\/wp-json\/wp\/v2\/product\/272\/revisions\/6642"}],"wp:featuredmedia":[{"embeddable":true,"href":"https:\/\/dealturawines.com\/es\/wp-json\/wp\/v2\/media\/556"}],"wp:attachment":[{"href":"https:\/\/dealturawines.com\/es\/wp-json\/wp\/v2\/media?parent=272"}],"wp:term":[{"taxonomy":"product_brand","embeddable":true,"href":"https:\/\/dealturawines.com\/es\/wp-json\/wp\/v2\/product_brand?post=272"},{"taxonomy":"product_cat","embeddable":true,"href":"https:\/\/dealturawines.com\/es\/wp-json\/wp\/v2\/product_cat?post=272"},{"taxonomy":"product_tag","embeddable":true,"href":"https:\/\/dealturawines.com\/es\/wp-json\/wp\/v2\/product_tag?post=272"}],"curies":[{"name":"wp","href":"https:\/\/api.w.org\/{rel}","templated":true}]}}