{"id":273,"date":"2024-10-24T17:44:05","date_gmt":"2024-10-24T15:44:05","guid":{"rendered":"https:\/\/dealturawines.com\/?post_type=product&#038;p=273"},"modified":"2025-09-01T20:09:05","modified_gmt":"2025-09-01T18:09:05","slug":"dreidel-mevushal-malbec-2021-huentala-wines","status":"publish","type":"product","link":"https:\/\/dealturawines.com\/es\/producto\/dreidel-mevushal-malbec-2021-huentala-wines\/","title":{"rendered":"Dreidel Mevushal Malbec 2021 &#8211; Huentala Wines"},"content":{"rendered":"<p>Malbec con paso de 4 meses en barricas de roble de tercer uso. Buen balance entre frescura y acidez, con taninos suaves que acompa\u00f1an la degustaci\u00f3n.<\/p>\n<p>Es un Malbec rico en fruta y con aromas florales y hasta toques herb\u00e1ceos.<\/p>\n","protected":false},"excerpt":{"rendered":"<p>Malbec con paso de 4 meses en barricas de roble de tercer uso. Buen balance entre frescura y acidez, con taninos suaves que acompa\u00f1an la degustaci\u00f3n. Es un Malbec rico en fruta y con aromas florales y hasta toques herb\u00e1ceos.<\/p>\n","protected":false},"featured_media":550,"template":"","meta":[],"product_brand":[],"product_cat":[76,47,163,45,31,139],"product_tag":[],"class_list":{"0":"post-273","1":"product","2":"type-product","3":"status-publish","4":"has-post-thumbnail","6":"product_cat-500-1500-metros","7":"product_cat-argentina","8":"product_cat-huentala-wines","9":"product_cat-kosher","10":"product_cat-malbec","11":"product_cat-valle-de-uco","12":"pa_altura-99","13":"pa_ano-111","14":"pa_bodega-huentala-wines","16":"first","17":"instock","18":"shipping-taxable","19":"purchasable","20":"product-type-simple"},"_links":{"self":[{"href":"https:\/\/dealturawines.com\/es\/wp-json\/wp\/v2\/product\/273","targetHints":{"allow":["GET"]}}],"collection":[{"href":"https:\/\/dealturawines.com\/es\/wp-json\/wp\/v2\/product"}],"about":[{"href":"https:\/\/dealturawines.com\/es\/wp-json\/wp\/v2\/types\/product"}],"version-history":[{"count":2,"href":"https:\/\/dealturawines.com\/es\/wp-json\/wp\/v2\/product\/273\/revisions"}],"predecessor-version":[{"id":5027,"href":"https:\/\/dealturawines.com\/es\/wp-json\/wp\/v2\/product\/273\/revisions\/5027"}],"wp:featuredmedia":[{"embeddable":true,"href":"https:\/\/dealturawines.com\/es\/wp-json\/wp\/v2\/media\/550"}],"wp:attachment":[{"href":"https:\/\/dealturawines.com\/es\/wp-json\/wp\/v2\/media?parent=273"}],"wp:term":[{"taxonomy":"product_brand","embeddable":true,"href":"https:\/\/dealturawines.com\/es\/wp-json\/wp\/v2\/product_brand?post=273"},{"taxonomy":"product_cat","embeddable":true,"href":"https:\/\/dealturawines.com\/es\/wp-json\/wp\/v2\/product_cat?post=273"},{"taxonomy":"product_tag","embeddable":true,"href":"https:\/\/dealturawines.com\/es\/wp-json\/wp\/v2\/product_tag?post=273"}],"curies":[{"name":"wp","href":"https:\/\/api.w.org\/{rel}","templated":true}]}}