{"id":285,"date":"2024-10-24T20:13:21","date_gmt":"2024-10-24T18:13:21","guid":{"rendered":"https:\/\/dealturawines.com\/?post_type=product&#038;p=285"},"modified":"2025-09-03T18:02:49","modified_gmt":"2025-09-03T16:02:49","slug":"orange-blend-2023-paso-a-paso","status":"publish","type":"product","link":"https:\/\/dealturawines.com\/es\/producto\/orange-blend-2023-paso-a-paso\/","title":{"rendered":"Orange Blend 2023 &#8211; Paso a Paso Wines"},"content":{"rendered":"<p>Blend de criollas argentinas; Torront\u00e9s Riojano (30%), Moscatel Rosado (30%), Pedro Gim\u00e9nez (30%) y Pinot Gris (10%), co-fermentado con sus pieles durante 90 d\u00edas.<\/p>\n<p>Este vino ofrece un abanico gustativo \u00fanico, que combina frescura y complejidad t\u00e1nica. Puede presentar sedimentos en la copa que denota su m\u00e9todo de elaboraci\u00f3n natural.<\/p>\n","protected":false},"excerpt":{"rendered":"<p>Blend de criollas argentinas; Torront\u00e9s Riojano (30%), Moscatel Rosado (30%), Pedro Gim\u00e9nez (30%) y Pinot Gris (10%), co-fermentado con sus pieles durante 90 d\u00edas. Este vino ofrece un abanico gustativo \u00fanico, que combina frescura y complejidad t\u00e1nica. Puede presentar sedimentos en la copa que denota su m\u00e9todo de elaboraci\u00f3n natural.<\/p>\n","protected":false},"featured_media":563,"template":"","meta":[],"product_brand":[],"product_cat":[76,47,129,73,46,165,130,38,139],"product_tag":[],"class_list":{"0":"post-285","1":"product","2":"type-product","3":"status-publish","4":"has-post-thumbnail","6":"product_cat-500-1500-metros","7":"product_cat-argentina","8":"product_cat-moscatel-rosado","9":"product_cat-orange","10":"product_cat-organico","11":"product_cat-paso-a-paso-wines","12":"product_cat-pedro-gimenez","13":"product_cat-torrontes","14":"product_cat-valle-de-uco","15":"pa_altura-98","16":"pa_ano-113","17":"pa_bodega-paso-a-paso-wines","19":"first","20":"instock","21":"shipping-taxable","22":"purchasable","23":"product-type-simple"},"_links":{"self":[{"href":"https:\/\/dealturawines.com\/es\/wp-json\/wp\/v2\/product\/285","targetHints":{"allow":["GET"]}}],"collection":[{"href":"https:\/\/dealturawines.com\/es\/wp-json\/wp\/v2\/product"}],"about":[{"href":"https:\/\/dealturawines.com\/es\/wp-json\/wp\/v2\/types\/product"}],"version-history":[{"count":4,"href":"https:\/\/dealturawines.com\/es\/wp-json\/wp\/v2\/product\/285\/revisions"}],"predecessor-version":[{"id":7417,"href":"https:\/\/dealturawines.com\/es\/wp-json\/wp\/v2\/product\/285\/revisions\/7417"}],"wp:featuredmedia":[{"embeddable":true,"href":"https:\/\/dealturawines.com\/es\/wp-json\/wp\/v2\/media\/563"}],"wp:attachment":[{"href":"https:\/\/dealturawines.com\/es\/wp-json\/wp\/v2\/media?parent=285"}],"wp:term":[{"taxonomy":"product_brand","embeddable":true,"href":"https:\/\/dealturawines.com\/es\/wp-json\/wp\/v2\/product_brand?post=285"},{"taxonomy":"product_cat","embeddable":true,"href":"https:\/\/dealturawines.com\/es\/wp-json\/wp\/v2\/product_cat?post=285"},{"taxonomy":"product_tag","embeddable":true,"href":"https:\/\/dealturawines.com\/es\/wp-json\/wp\/v2\/product_tag?post=285"}],"curies":[{"name":"wp","href":"https:\/\/api.w.org\/{rel}","templated":true}]}}