{"id":288,"date":"2024-10-24T20:13:50","date_gmt":"2024-10-24T18:13:50","guid":{"rendered":"https:\/\/dealturawines.com\/?post_type=product&#038;p=288"},"modified":"2025-08-30T21:18:34","modified_gmt":"2025-08-30T19:18:34","slug":"las-criollas-de-don-graciano-clarete-2023-paso-a-paso","status":"publish","type":"product","link":"https:\/\/dealturawines.com\/es\/producto\/las-criollas-de-don-graciano-clarete-2023-paso-a-paso\/","title":{"rendered":"Las Criollas de Don Graciano Clarete 2023 &#8211; Paso a Paso Wines"},"content":{"rendered":"<p>Ensamblaje de 50% de Criolla Grande, 25% de Moscatel Rosado, 15% de Pedro Gim\u00e9nez y 10% de Torront\u00e9s.<\/p>\n<p>Maceraci\u00f3n con pieles durante 20 d\u00edas.<\/p>\n<p>Un vino original con una frescura notable.<\/p>\n","protected":false},"excerpt":{"rendered":"<p>Ensamblaje de 50% de Criolla Grande, 25% de Moscatel Rosado, 15% de Pedro Gim\u00e9nez y 10% de Torront\u00e9s. Maceraci\u00f3n con pieles durante 20 d\u00edas. Un vino original con una frescura notable.<\/p>\n","protected":false},"featured_media":548,"template":"","meta":[],"product_brand":[],"product_cat":[76,47,125,46,165,72,139],"product_tag":[],"class_list":{"0":"post-288","1":"product","2":"type-product","3":"status-publish","4":"has-post-thumbnail","6":"product_cat-500-1500-metros","7":"product_cat-argentina","8":"product_cat-criollas","9":"product_cat-organico","10":"product_cat-paso-a-paso-wines","11":"product_cat-rosado","12":"product_cat-valle-de-uco","13":"pa_altura-98","14":"pa_ano-113","15":"pa_bodega-paso-a-paso-wines","17":"first","18":"instock","19":"shipping-taxable","20":"purchasable","21":"product-type-simple"},"_links":{"self":[{"href":"https:\/\/dealturawines.com\/es\/wp-json\/wp\/v2\/product\/288","targetHints":{"allow":["GET"]}}],"collection":[{"href":"https:\/\/dealturawines.com\/es\/wp-json\/wp\/v2\/product"}],"about":[{"href":"https:\/\/dealturawines.com\/es\/wp-json\/wp\/v2\/types\/product"}],"version-history":[{"count":4,"href":"https:\/\/dealturawines.com\/es\/wp-json\/wp\/v2\/product\/288\/revisions"}],"predecessor-version":[{"id":7423,"href":"https:\/\/dealturawines.com\/es\/wp-json\/wp\/v2\/product\/288\/revisions\/7423"}],"wp:featuredmedia":[{"embeddable":true,"href":"https:\/\/dealturawines.com\/es\/wp-json\/wp\/v2\/media\/548"}],"wp:attachment":[{"href":"https:\/\/dealturawines.com\/es\/wp-json\/wp\/v2\/media?parent=288"}],"wp:term":[{"taxonomy":"product_brand","embeddable":true,"href":"https:\/\/dealturawines.com\/es\/wp-json\/wp\/v2\/product_brand?post=288"},{"taxonomy":"product_cat","embeddable":true,"href":"https:\/\/dealturawines.com\/es\/wp-json\/wp\/v2\/product_cat?post=288"},{"taxonomy":"product_tag","embeddable":true,"href":"https:\/\/dealturawines.com\/es\/wp-json\/wp\/v2\/product_tag?post=288"}],"curies":[{"name":"wp","href":"https:\/\/api.w.org\/{rel}","templated":true}]}}