{"id":289,"date":"2024-10-24T20:14:00","date_gmt":"2024-10-24T18:14:00","guid":{"rendered":"https:\/\/dealturawines.com\/?post_type=product&#038;p=289"},"modified":"2025-08-30T21:19:18","modified_gmt":"2025-08-30T19:19:18","slug":"las-criollas-de-don-graciano-criolla-white-2023-paso-a-paso","status":"publish","type":"product","link":"https:\/\/dealturawines.com\/es\/producto\/las-criollas-de-don-graciano-criolla-white-2023-paso-a-paso\/","title":{"rendered":"Las Criollas de Don Graciano Criolla White 2023 &#8211; Paso a Paso Wines"},"content":{"rendered":"<p>Blend compuesto de 50% de Criolla Grande, 25% de Moscatel Rosado, 12% de Torront\u00e9s y 13% de Pedro Gim\u00e9nez.<\/p>\n<p>Co-fermentaci\u00f3n de las cuatro variedades con una maceraci\u00f3n pelicular del 50%.<\/p>\n<p>Producci\u00f3n limitada a 4000 botellas.<\/p>\n","protected":false},"excerpt":{"rendered":"<p>Blend compuesto de 50% de Criolla Grande, 25% de Moscatel Rosado, 12% de Torront\u00e9s y 13% de Pedro Gim\u00e9nez. Co-fermentaci\u00f3n de las cuatro variedades con una maceraci\u00f3n pelicular del 50%. Producci\u00f3n limitada a 4000 botellas.<\/p>\n","protected":false},"featured_media":547,"template":"","meta":[],"product_brand":[],"product_cat":[76,47,71,125,46,165,139],"product_tag":[],"class_list":{"0":"post-289","1":"product","2":"type-product","3":"status-publish","4":"has-post-thumbnail","6":"product_cat-500-1500-metros","7":"product_cat-argentina","8":"product_cat-blanco","9":"product_cat-criollas","10":"product_cat-organico","11":"product_cat-paso-a-paso-wines","12":"product_cat-valle-de-uco","13":"pa_altura-98","14":"pa_ano-113","15":"pa_bodega-paso-a-paso-wines","17":"first","18":"instock","19":"shipping-taxable","20":"purchasable","21":"product-type-simple"},"_links":{"self":[{"href":"https:\/\/dealturawines.com\/es\/wp-json\/wp\/v2\/product\/289","targetHints":{"allow":["GET"]}}],"collection":[{"href":"https:\/\/dealturawines.com\/es\/wp-json\/wp\/v2\/product"}],"about":[{"href":"https:\/\/dealturawines.com\/es\/wp-json\/wp\/v2\/types\/product"}],"version-history":[{"count":4,"href":"https:\/\/dealturawines.com\/es\/wp-json\/wp\/v2\/product\/289\/revisions"}],"predecessor-version":[{"id":7426,"href":"https:\/\/dealturawines.com\/es\/wp-json\/wp\/v2\/product\/289\/revisions\/7426"}],"wp:featuredmedia":[{"embeddable":true,"href":"https:\/\/dealturawines.com\/es\/wp-json\/wp\/v2\/media\/547"}],"wp:attachment":[{"href":"https:\/\/dealturawines.com\/es\/wp-json\/wp\/v2\/media?parent=289"}],"wp:term":[{"taxonomy":"product_brand","embeddable":true,"href":"https:\/\/dealturawines.com\/es\/wp-json\/wp\/v2\/product_brand?post=289"},{"taxonomy":"product_cat","embeddable":true,"href":"https:\/\/dealturawines.com\/es\/wp-json\/wp\/v2\/product_cat?post=289"},{"taxonomy":"product_tag","embeddable":true,"href":"https:\/\/dealturawines.com\/es\/wp-json\/wp\/v2\/product_tag?post=289"}],"curies":[{"name":"wp","href":"https:\/\/api.w.org\/{rel}","templated":true}]}}