{"id":291,"date":"2024-10-24T20:14:21","date_gmt":"2024-10-24T18:14:21","guid":{"rendered":"https:\/\/dealturawines.com\/?post_type=product&#038;p=291"},"modified":"2026-03-25T15:22:21","modified_gmt":"2026-03-25T14:22:21","slug":"the-llama-torrontes","status":"publish","type":"product","link":"https:\/\/dealturawines.com\/es\/producto\/the-llama-torrontes\/","title":{"rendered":"The Llama Torront\u00e9s 2023"},"content":{"rendered":"<p>Una expresi\u00f3n cautivadora de esta cepa emblem\u00e1tica.<\/p>\n<p>Cultivado en las alturas vertiginosas que caracterizan nuestro vi\u00f1edo en altitud, este vino presenta un color dorado brillante, evocando la luz viva y pura de las cumbres monta\u00f1osas.<\/p>\n","protected":false},"excerpt":{"rendered":"<p>Una expresi\u00f3n cautivadora de esta cepa emblem\u00e1tica. Cultivado en las alturas vertiginosas que caracterizan nuestro vi\u00f1edo en altitud, este vino presenta un color dorado brillante, evocando la luz viva y pura de las cumbres monta\u00f1osas.<\/p>\n","protected":false},"featured_media":574,"template":"","meta":[],"product_brand":[],"product_cat":[77,47,71,167,38,63],"product_tag":[],"class_list":{"0":"post-291","1":"product","2":"type-product","3":"status-publish","4":"has-post-thumbnail","6":"product_cat-1500-metros-o-mas","7":"product_cat-argentina","8":"product_cat-blanco","9":"product_cat-the-llama","10":"product_cat-torrontes","11":"product_cat-valle-de-cafayate","12":"pa_altura-101","13":"pa_ano-114","14":"pa_bodega-the-llama","16":"first","17":"instock","18":"featured","19":"shipping-taxable","20":"purchasable","21":"product-type-simple"},"_links":{"self":[{"href":"https:\/\/dealturawines.com\/es\/wp-json\/wp\/v2\/product\/291","targetHints":{"allow":["GET"]}}],"collection":[{"href":"https:\/\/dealturawines.com\/es\/wp-json\/wp\/v2\/product"}],"about":[{"href":"https:\/\/dealturawines.com\/es\/wp-json\/wp\/v2\/types\/product"}],"version-history":[{"count":2,"href":"https:\/\/dealturawines.com\/es\/wp-json\/wp\/v2\/product\/291\/revisions"}],"predecessor-version":[{"id":3835,"href":"https:\/\/dealturawines.com\/es\/wp-json\/wp\/v2\/product\/291\/revisions\/3835"}],"wp:featuredmedia":[{"embeddable":true,"href":"https:\/\/dealturawines.com\/es\/wp-json\/wp\/v2\/media\/574"}],"wp:attachment":[{"href":"https:\/\/dealturawines.com\/es\/wp-json\/wp\/v2\/media?parent=291"}],"wp:term":[{"taxonomy":"product_brand","embeddable":true,"href":"https:\/\/dealturawines.com\/es\/wp-json\/wp\/v2\/product_brand?post=291"},{"taxonomy":"product_cat","embeddable":true,"href":"https:\/\/dealturawines.com\/es\/wp-json\/wp\/v2\/product_cat?post=291"},{"taxonomy":"product_tag","embeddable":true,"href":"https:\/\/dealturawines.com\/es\/wp-json\/wp\/v2\/product_tag?post=291"}],"curies":[{"name":"wp","href":"https:\/\/api.w.org\/{rel}","templated":true}]}}