{"id":301,"date":"2024-10-24T20:17:14","date_gmt":"2024-10-24T18:17:14","guid":{"rendered":"https:\/\/dealturawines.com\/?post_type=product&#038;p=301"},"modified":"2025-08-29T22:08:58","modified_gmt":"2025-08-29T20:08:58","slug":"alcaparrosa-2023-nido-del-tigre","status":"publish","type":"product","link":"https:\/\/dealturawines.com\/es\/producto\/alcaparrosa-2023-nido-del-tigre\/","title":{"rendered":"Alcaparrosa 2023 &#8211; Nido del Tigre"},"content":{"rendered":"<p>Un vino tinto fermentado sin sus pieles. Solo dos d\u00edas de maceraci\u00f3n pelicular con las pieles de uvas Ancellotta, seguido de una vinificaci\u00f3n tradicional de un vino blanco.<\/p>\n","protected":false},"excerpt":{"rendered":"<p>Un vino tinto fermentado sin sus pieles. Solo dos d\u00edas de maceraci\u00f3n pelicular con las pieles de uvas Ancellotta, seguido de una vinificaci\u00f3n tradicional de un vino blanco.<\/p>\n","protected":false},"featured_media":537,"template":"","meta":[],"product_brand":[],"product_cat":[76,124,47,164,70,141],"product_tag":[],"class_list":{"0":"post-301","1":"product","2":"type-product","3":"status-publish","4":"has-post-thumbnail","6":"product_cat-500-1500-metros","7":"product_cat-ancellota","8":"product_cat-argentina","9":"product_cat-nido-del-tigre","10":"product_cat-tinto","11":"product_cat-valle-calingasta","12":"pa_altura-100","13":"pa_ano-113","14":"pa_bodega-nido-del-tigre","16":"first","17":"instock","18":"shipping-taxable","19":"purchasable","20":"product-type-simple"},"_links":{"self":[{"href":"https:\/\/dealturawines.com\/es\/wp-json\/wp\/v2\/product\/301","targetHints":{"allow":["GET"]}}],"collection":[{"href":"https:\/\/dealturawines.com\/es\/wp-json\/wp\/v2\/product"}],"about":[{"href":"https:\/\/dealturawines.com\/es\/wp-json\/wp\/v2\/types\/product"}],"version-history":[{"count":4,"href":"https:\/\/dealturawines.com\/es\/wp-json\/wp\/v2\/product\/301\/revisions"}],"predecessor-version":[{"id":4976,"href":"https:\/\/dealturawines.com\/es\/wp-json\/wp\/v2\/product\/301\/revisions\/4976"}],"wp:featuredmedia":[{"embeddable":true,"href":"https:\/\/dealturawines.com\/es\/wp-json\/wp\/v2\/media\/537"}],"wp:attachment":[{"href":"https:\/\/dealturawines.com\/es\/wp-json\/wp\/v2\/media?parent=301"}],"wp:term":[{"taxonomy":"product_brand","embeddable":true,"href":"https:\/\/dealturawines.com\/es\/wp-json\/wp\/v2\/product_brand?post=301"},{"taxonomy":"product_cat","embeddable":true,"href":"https:\/\/dealturawines.com\/es\/wp-json\/wp\/v2\/product_cat?post=301"},{"taxonomy":"product_tag","embeddable":true,"href":"https:\/\/dealturawines.com\/es\/wp-json\/wp\/v2\/product_tag?post=301"}],"curies":[{"name":"wp","href":"https:\/\/api.w.org\/{rel}","templated":true}]}}