{"id":308,"date":"2024-10-24T20:19:03","date_gmt":"2024-10-24T18:19:03","guid":{"rendered":"https:\/\/dealturawines.com\/?post_type=product&#038;p=308"},"modified":"2025-09-04T18:57:48","modified_gmt":"2025-09-04T16:57:48","slug":"desierto-25-cabernet-franc-bodega-del-desierto","status":"publish","type":"product","link":"https:\/\/dealturawines.com\/es\/producto\/desierto-25-cabernet-franc-bodega-del-desierto\/","title":{"rendered":"Desierto 25 Cabernet Franc 2019 &#8211; Bodega del Desierto"},"content":{"rendered":"<p>Criado durante 9 meses en barricas de roble franc\u00e9s y americano.<\/p>\n<p>La maduraci\u00f3n \u00f3ptima del Cabernet Franc permite el desarrollo de finas notas especiadas de frutos rojos.<\/p>\n<p>En boca es voluminoso, robusto y generoso.<\/p>\n","protected":false},"excerpt":{"rendered":"<p>Criado durante 9 meses en barricas de roble franc\u00e9s y americano. La maduraci\u00f3n \u00f3ptima del Cabernet Franc permite el desarrollo de finas notas especiadas de frutos rojos. En boca es voluminoso, robusto y generoso.<\/p>\n","protected":false},"featured_media":533,"template":"","meta":[],"product_brand":[],"product_cat":[75,158,33,137],"product_tag":[],"class_list":{"0":"post-308","1":"product","2":"type-product","3":"status-publish","4":"has-post-thumbnail","6":"product_cat-0-500-metros","7":"product_cat-bodega-del-desierto","8":"product_cat-cabernet-franc","9":"product_cat-valle-del-rio-colorado","10":"pa_altura-92","11":"pa_ano-109","12":"pa_bodega-bodega-del-desierto","14":"first","15":"instock","16":"shipping-taxable","17":"purchasable","18":"product-type-simple"},"_links":{"self":[{"href":"https:\/\/dealturawines.com\/es\/wp-json\/wp\/v2\/product\/308","targetHints":{"allow":["GET"]}}],"collection":[{"href":"https:\/\/dealturawines.com\/es\/wp-json\/wp\/v2\/product"}],"about":[{"href":"https:\/\/dealturawines.com\/es\/wp-json\/wp\/v2\/types\/product"}],"version-history":[{"count":2,"href":"https:\/\/dealturawines.com\/es\/wp-json\/wp\/v2\/product\/308\/revisions"}],"predecessor-version":[{"id":4990,"href":"https:\/\/dealturawines.com\/es\/wp-json\/wp\/v2\/product\/308\/revisions\/4990"}],"wp:featuredmedia":[{"embeddable":true,"href":"https:\/\/dealturawines.com\/es\/wp-json\/wp\/v2\/media\/533"}],"wp:attachment":[{"href":"https:\/\/dealturawines.com\/es\/wp-json\/wp\/v2\/media?parent=308"}],"wp:term":[{"taxonomy":"product_brand","embeddable":true,"href":"https:\/\/dealturawines.com\/es\/wp-json\/wp\/v2\/product_brand?post=308"},{"taxonomy":"product_cat","embeddable":true,"href":"https:\/\/dealturawines.com\/es\/wp-json\/wp\/v2\/product_cat?post=308"},{"taxonomy":"product_tag","embeddable":true,"href":"https:\/\/dealturawines.com\/es\/wp-json\/wp\/v2\/product_tag?post=308"}],"curies":[{"name":"wp","href":"https:\/\/api.w.org\/{rel}","templated":true}]}}