{"id":310,"date":"2024-10-24T20:19:41","date_gmt":"2024-10-24T18:19:41","guid":{"rendered":"https:\/\/dealturawines.com\/?post_type=product&#038;p=310"},"modified":"2025-09-04T18:57:06","modified_gmt":"2025-09-04T16:57:06","slug":"desierto-25-pinot-noir-bodega-del-desierto","status":"publish","type":"product","link":"https:\/\/dealturawines.com\/es\/producto\/desierto-25-pinot-noir-bodega-del-desierto\/","title":{"rendered":"Desierto 25 Pinot Noir 2021 &#8211; Bodega del Desierto"},"content":{"rendered":"<p>Pinot proveniente de un terru\u00f1o luminoso, con notas dominantes de cereza y un car\u00e1cter mineral t\u00edpico de la Patagonia.<\/p>\n<p>Una combinaci\u00f3n de elegancia y frescura.<\/p>\n","protected":false},"excerpt":{"rendered":"<p>Pinot proveniente de un terru\u00f1o luminoso, con notas dominantes de cereza y un car\u00e1cter mineral t\u00edpico de la Patagonia. Una combinaci\u00f3n de elegancia y frescura.<\/p>\n","protected":false},"featured_media":536,"template":"","meta":[],"product_brand":[],"product_cat":[75,47,158,43,70,137],"product_tag":[],"class_list":{"0":"post-310","1":"product","2":"type-product","3":"status-publish","4":"has-post-thumbnail","6":"product_cat-0-500-metros","7":"product_cat-argentina","8":"product_cat-bodega-del-desierto","9":"product_cat-pinot-noir","10":"product_cat-tinto","11":"product_cat-valle-del-rio-colorado","12":"pa_altura-92","13":"pa_ano-111","14":"pa_bodega-bodega-del-desierto","16":"first","17":"instock","18":"shipping-taxable","19":"purchasable","20":"product-type-simple"},"_links":{"self":[{"href":"https:\/\/dealturawines.com\/es\/wp-json\/wp\/v2\/product\/310","targetHints":{"allow":["GET"]}}],"collection":[{"href":"https:\/\/dealturawines.com\/es\/wp-json\/wp\/v2\/product"}],"about":[{"href":"https:\/\/dealturawines.com\/es\/wp-json\/wp\/v2\/types\/product"}],"version-history":[{"count":4,"href":"https:\/\/dealturawines.com\/es\/wp-json\/wp\/v2\/product\/310\/revisions"}],"predecessor-version":[{"id":5037,"href":"https:\/\/dealturawines.com\/es\/wp-json\/wp\/v2\/product\/310\/revisions\/5037"}],"wp:featuredmedia":[{"embeddable":true,"href":"https:\/\/dealturawines.com\/es\/wp-json\/wp\/v2\/media\/536"}],"wp:attachment":[{"href":"https:\/\/dealturawines.com\/es\/wp-json\/wp\/v2\/media?parent=310"}],"wp:term":[{"taxonomy":"product_brand","embeddable":true,"href":"https:\/\/dealturawines.com\/es\/wp-json\/wp\/v2\/product_brand?post=310"},{"taxonomy":"product_cat","embeddable":true,"href":"https:\/\/dealturawines.com\/es\/wp-json\/wp\/v2\/product_cat?post=310"},{"taxonomy":"product_tag","embeddable":true,"href":"https:\/\/dealturawines.com\/es\/wp-json\/wp\/v2\/product_tag?post=310"}],"curies":[{"name":"wp","href":"https:\/\/api.w.org\/{rel}","templated":true}]}}