{"id":311,"date":"2024-10-24T20:19:56","date_gmt":"2024-10-24T18:19:56","guid":{"rendered":"https:\/\/dealturawines.com\/?post_type=product&#038;p=311"},"modified":"2025-09-03T18:00:54","modified_gmt":"2025-09-03T16:00:54","slug":"atypico-malbec-cabernet-sauvignon-agustin-lanus-wines","status":"publish","type":"product","link":"https:\/\/dealturawines.com\/es\/producto\/atypico-malbec-cabernet-sauvignon-agustin-lanus-wines\/","title":{"rendered":"Atypico 2018 &#8211; Agust\u00edn Lanus Wines"},"content":{"rendered":"<p>Blend de 80% Malbec y 20% Cabernet Sauvignon proveniente de los vi\u00f1edos de Tolomb\u00f3n.<\/p>\n<p>Las notas maduras del Malbec y del Cabernet, t\u00edpicas del noroeste argentino, son \u00fanicas.<\/p>\n<p>Un vino que evoca emociones, nacido de un proyecto entre tres amigos: Federico Aramburu, Federico Thomann, Agust\u00edn Lan\u00fas.<\/p>\n","protected":false},"excerpt":{"rendered":"<p>Blend de 80% Malbec y 20% Cabernet Sauvignon proveniente de los vi\u00f1edos de Tolomb\u00f3n. Las notas maduras del Malbec y del Cabernet, t\u00edpicas del noroeste argentino, son \u00fanicas. Un vino que evoca emociones, nacido de un proyecto entre tres amigos: Federico Aramburu, Federico Thomann, Agust\u00edn Lan\u00fas.<\/p>\n","protected":false},"featured_media":538,"template":"","meta":[],"product_brand":[],"product_cat":[77,157,47,34,31,70,136],"product_tag":[],"class_list":{"0":"post-311","1":"product","2":"type-product","3":"status-publish","4":"has-post-thumbnail","6":"product_cat-1500-metros-o-mas","7":"product_cat-agustin-lanus-wines","8":"product_cat-argentina","9":"product_cat-cabernet-sauvignon","10":"product_cat-malbec","11":"product_cat-tinto","12":"product_cat-valles-calchaquies","13":"pa_altura-107","14":"pa_ano-108","15":"pa_bodega-agustin-lanus-wines","17":"first","18":"instock","19":"shipping-taxable","20":"purchasable","21":"product-type-simple"},"_links":{"self":[{"href":"https:\/\/dealturawines.com\/es\/wp-json\/wp\/v2\/product\/311","targetHints":{"allow":["GET"]}}],"collection":[{"href":"https:\/\/dealturawines.com\/es\/wp-json\/wp\/v2\/product"}],"about":[{"href":"https:\/\/dealturawines.com\/es\/wp-json\/wp\/v2\/types\/product"}],"version-history":[{"count":4,"href":"https:\/\/dealturawines.com\/es\/wp-json\/wp\/v2\/product\/311\/revisions"}],"predecessor-version":[{"id":7840,"href":"https:\/\/dealturawines.com\/es\/wp-json\/wp\/v2\/product\/311\/revisions\/7840"}],"wp:featuredmedia":[{"embeddable":true,"href":"https:\/\/dealturawines.com\/es\/wp-json\/wp\/v2\/media\/538"}],"wp:attachment":[{"href":"https:\/\/dealturawines.com\/es\/wp-json\/wp\/v2\/media?parent=311"}],"wp:term":[{"taxonomy":"product_brand","embeddable":true,"href":"https:\/\/dealturawines.com\/es\/wp-json\/wp\/v2\/product_brand?post=311"},{"taxonomy":"product_cat","embeddable":true,"href":"https:\/\/dealturawines.com\/es\/wp-json\/wp\/v2\/product_cat?post=311"},{"taxonomy":"product_tag","embeddable":true,"href":"https:\/\/dealturawines.com\/es\/wp-json\/wp\/v2\/product_tag?post=311"}],"curies":[{"name":"wp","href":"https:\/\/api.w.org\/{rel}","templated":true}]}}