{"id":312,"date":"2024-10-24T20:20:21","date_gmt":"2024-10-24T18:20:21","guid":{"rendered":"https:\/\/dealturawines.com\/?post_type=product&#038;p=312"},"modified":"2026-03-25T16:36:27","modified_gmt":"2026-03-25T15:36:27","slug":"sunal-ilogico-criolla-chica-agustin-lanus-wines","status":"publish","type":"product","link":"https:\/\/dealturawines.com\/es\/producto\/sunal-ilogico-criolla-chica-agustin-lanus-wines\/","title":{"rendered":"Sunal Il\u00f3gico Criolla Chica 2021 &#8211; Agust\u00edn Lanus Wines"},"content":{"rendered":"<p>Es un vino con identidad \u00fanica, que ha encontrado en la rusticidad del valle una frescura, elegancia y complejidad notables.<\/p>\n<p>Un vino arom\u00e1tico, dominado por notas de frutas rojas, cereza, d\u00e1tiles, as\u00ed como rosas secas y un ligero toque herb\u00e1ceo y especiado.<\/p>\n","protected":false},"excerpt":{"rendered":"<p>Es un vino con identidad \u00fanica, que ha encontrado en la rusticidad del valle una frescura, elegancia y complejidad notables. Un vino arom\u00e1tico, dominado por notas de frutas rojas, cereza, d\u00e1tiles, as\u00ed como rosas secas y un ligero toque herb\u00e1ceo y especiado.<\/p>\n","protected":false},"featured_media":558,"template":"","meta":[],"product_brand":[],"product_cat":[77,157,47,125,70,136],"product_tag":[],"class_list":{"0":"post-312","1":"product","2":"type-product","3":"status-publish","4":"has-post-thumbnail","6":"product_cat-1500-metros-o-mas","7":"product_cat-agustin-lanus-wines","8":"product_cat-argentina","9":"product_cat-criollas","10":"product_cat-tinto","11":"product_cat-valles-calchaquies","12":"pa_altura-107","13":"pa_ano-111","14":"pa_bodega-agustin-lanus-wines","16":"first","17":"instock","18":"shipping-taxable","19":"purchasable","20":"product-type-simple"},"_links":{"self":[{"href":"https:\/\/dealturawines.com\/es\/wp-json\/wp\/v2\/product\/312","targetHints":{"allow":["GET"]}}],"collection":[{"href":"https:\/\/dealturawines.com\/es\/wp-json\/wp\/v2\/product"}],"about":[{"href":"https:\/\/dealturawines.com\/es\/wp-json\/wp\/v2\/types\/product"}],"version-history":[{"count":3,"href":"https:\/\/dealturawines.com\/es\/wp-json\/wp\/v2\/product\/312\/revisions"}],"predecessor-version":[{"id":5910,"href":"https:\/\/dealturawines.com\/es\/wp-json\/wp\/v2\/product\/312\/revisions\/5910"}],"wp:featuredmedia":[{"embeddable":true,"href":"https:\/\/dealturawines.com\/es\/wp-json\/wp\/v2\/media\/558"}],"wp:attachment":[{"href":"https:\/\/dealturawines.com\/es\/wp-json\/wp\/v2\/media?parent=312"}],"wp:term":[{"taxonomy":"product_brand","embeddable":true,"href":"https:\/\/dealturawines.com\/es\/wp-json\/wp\/v2\/product_brand?post=312"},{"taxonomy":"product_cat","embeddable":true,"href":"https:\/\/dealturawines.com\/es\/wp-json\/wp\/v2\/product_cat?post=312"},{"taxonomy":"product_tag","embeddable":true,"href":"https:\/\/dealturawines.com\/es\/wp-json\/wp\/v2\/product_tag?post=312"}],"curies":[{"name":"wp","href":"https:\/\/api.w.org\/{rel}","templated":true}]}}