{"id":313,"date":"2024-10-24T20:21:06","date_gmt":"2024-10-24T18:21:06","guid":{"rendered":"https:\/\/dealturawines.com\/?post_type=product&#038;p=313"},"modified":"2025-08-26T21:24:36","modified_gmt":"2025-08-26T19:24:36","slug":"sunal-ilogico-malbec-agustin-lanus-wines","status":"publish","type":"product","link":"https:\/\/dealturawines.com\/es\/producto\/sunal-ilogico-malbec-agustin-lanus-wines\/","title":{"rendered":"Sunal Il\u00f3gico Malbec 2020 &#8211; Agust\u00edn Lanus Wines"},"content":{"rendered":"<p>18 meses de crianza, 50% en barricas neutras de roble franc\u00e9s y 50% en huevos de hormig\u00f3n.<\/p>\n<p>Aromas bals\u00e1micos, de color violeta oscuro, escaramujo, mora, ar\u00e1ndano, pimienta negra con un final de cedro y roble muy bien integrado.<\/p>\n","protected":false},"excerpt":{"rendered":"<p>18 meses de crianza, 50% en barricas neutras de roble franc\u00e9s y 50% en huevos de hormig\u00f3n. Aromas bals\u00e1micos, de color violeta oscuro, escaramujo, mora, ar\u00e1ndano, pimienta negra con un final de cedro y roble muy bien integrado.<\/p>\n","protected":false},"featured_media":3907,"template":"","meta":[],"product_brand":[],"product_cat":[77,157,47,31,70,136],"product_tag":[],"class_list":{"0":"post-313","1":"product","2":"type-product","3":"status-publish","4":"has-post-thumbnail","6":"product_cat-1500-metros-o-mas","7":"product_cat-agustin-lanus-wines","8":"product_cat-argentina","9":"product_cat-malbec","10":"product_cat-tinto","11":"product_cat-valles-calchaquies","12":"pa_altura-107","13":"pa_ano-110","14":"pa_bodega-agustin-lanus-wines","16":"first","17":"instock","18":"shipping-taxable","19":"purchasable","20":"product-type-simple"},"_links":{"self":[{"href":"https:\/\/dealturawines.com\/es\/wp-json\/wp\/v2\/product\/313","targetHints":{"allow":["GET"]}}],"collection":[{"href":"https:\/\/dealturawines.com\/es\/wp-json\/wp\/v2\/product"}],"about":[{"href":"https:\/\/dealturawines.com\/es\/wp-json\/wp\/v2\/types\/product"}],"version-history":[{"count":2,"href":"https:\/\/dealturawines.com\/es\/wp-json\/wp\/v2\/product\/313\/revisions"}],"predecessor-version":[{"id":5005,"href":"https:\/\/dealturawines.com\/es\/wp-json\/wp\/v2\/product\/313\/revisions\/5005"}],"wp:featuredmedia":[{"embeddable":true,"href":"https:\/\/dealturawines.com\/es\/wp-json\/wp\/v2\/media\/3907"}],"wp:attachment":[{"href":"https:\/\/dealturawines.com\/es\/wp-json\/wp\/v2\/media?parent=313"}],"wp:term":[{"taxonomy":"product_brand","embeddable":true,"href":"https:\/\/dealturawines.com\/es\/wp-json\/wp\/v2\/product_brand?post=313"},{"taxonomy":"product_cat","embeddable":true,"href":"https:\/\/dealturawines.com\/es\/wp-json\/wp\/v2\/product_cat?post=313"},{"taxonomy":"product_tag","embeddable":true,"href":"https:\/\/dealturawines.com\/es\/wp-json\/wp\/v2\/product_tag?post=313"}],"curies":[{"name":"wp","href":"https:\/\/api.w.org\/{rel}","templated":true}]}}