{"id":315,"date":"2024-10-24T20:21:37","date_gmt":"2024-10-24T18:21:37","guid":{"rendered":"https:\/\/dealturawines.com\/?post_type=product&#038;p=315"},"modified":"2026-03-25T20:35:10","modified_gmt":"2026-03-25T19:35:10","slug":"especial-malbec-ribera-del-cuarzo","status":"publish","type":"product","link":"https:\/\/dealturawines.com\/es\/producto\/especial-malbec-ribera-del-cuarzo\/","title":{"rendered":"Especial Malbec 2023 &#8211; Ribera del Cuarzo"},"content":{"rendered":"<p>Una mezcla de 95 % Malbec y 5 % Petit Verdot, envejecida durante 12 meses en barricas de roble franc\u00e9s.<\/p>\n<p>Especial Malbec procede de nuestro vi\u00f1edo Araucana de 5 ha, que presenta caracter\u00edsticas \u00fanicas y distintivas. Los suelos calc\u00e1reos, las noches frescas y los vientos intensos son desaf\u00edos constantes para nuestras vides, lo que da lugar a vinos con excelente concentraci\u00f3n y una acidez natural marcada.<\/p>\n","protected":false},"excerpt":{"rendered":"<p>Una mezcla de 95 % Malbec y 5 % Petit Verdot, envejecida durante 12 meses en barricas de roble franc\u00e9s. Especial Malbec procede de nuestro vi\u00f1edo Araucana de 5 ha, que presenta caracter\u00edsticas \u00fanicas y distintivas. Los suelos calc\u00e1reos, las noches frescas y los vientos intensos son desaf\u00edos constantes para nuestras vides, lo que da [&hellip;]<\/p>\n","protected":false},"featured_media":553,"template":"","meta":[],"product_brand":[],"product_cat":[75,47,31,46,363,70,61],"product_tag":[],"class_list":{"0":"post-315","1":"product","2":"type-product","3":"status-publish","4":"has-post-thumbnail","6":"product_cat-0-500-metros","7":"product_cat-argentina","8":"product_cat-malbec","9":"product_cat-organico","10":"product_cat-ribera-del-cuarzo","11":"product_cat-tinto","12":"product_cat-valle-del-rio-negro","13":"pa_altura-133","14":"pa_ano-113","15":"pa_bodega-ribera-del-cuarzo","17":"first","18":"instock","19":"shipping-taxable","20":"purchasable","21":"product-type-simple"},"_links":{"self":[{"href":"https:\/\/dealturawines.com\/es\/wp-json\/wp\/v2\/product\/315","targetHints":{"allow":["GET"]}}],"collection":[{"href":"https:\/\/dealturawines.com\/es\/wp-json\/wp\/v2\/product"}],"about":[{"href":"https:\/\/dealturawines.com\/es\/wp-json\/wp\/v2\/types\/product"}],"version-history":[{"count":5,"href":"https:\/\/dealturawines.com\/es\/wp-json\/wp\/v2\/product\/315\/revisions"}],"predecessor-version":[{"id":8908,"href":"https:\/\/dealturawines.com\/es\/wp-json\/wp\/v2\/product\/315\/revisions\/8908"}],"wp:featuredmedia":[{"embeddable":true,"href":"https:\/\/dealturawines.com\/es\/wp-json\/wp\/v2\/media\/553"}],"wp:attachment":[{"href":"https:\/\/dealturawines.com\/es\/wp-json\/wp\/v2\/media?parent=315"}],"wp:term":[{"taxonomy":"product_brand","embeddable":true,"href":"https:\/\/dealturawines.com\/es\/wp-json\/wp\/v2\/product_brand?post=315"},{"taxonomy":"product_cat","embeddable":true,"href":"https:\/\/dealturawines.com\/es\/wp-json\/wp\/v2\/product_cat?post=315"},{"taxonomy":"product_tag","embeddable":true,"href":"https:\/\/dealturawines.com\/es\/wp-json\/wp\/v2\/product_tag?post=315"}],"curies":[{"name":"wp","href":"https:\/\/api.w.org\/{rel}","templated":true}]}}