{"id":3922,"date":"2025-01-03T19:39:29","date_gmt":"2025-01-03T18:39:29","guid":{"rendered":"https:\/\/dealturawines.com\/?post_type=product&#038;p=3922"},"modified":"2026-03-25T20:35:53","modified_gmt":"2026-03-25T19:35:53","slug":"parcela-unica-ribera-del-cuarzo","status":"publish","type":"product","link":"https:\/\/dealturawines.com\/es\/producto\/parcela-unica-ribera-del-cuarzo\/","title":{"rendered":"Parcela \u00danica 2020 &#8211; Ribera del Cuarzo"},"content":{"rendered":"<p>Mezcla de 48 % Malbec, 40 % Merlot y 12 % Petit Verdot, envejecida durante 16 meses en barricas de roble franc\u00e9s.<\/p>\n<p>Parcela \u00danica representa la culminaci\u00f3n de las mejores uvas, seleccionadas de la parcela principal situada en el cuadrante suroeste del vi\u00f1edo Araucana. Aqu\u00ed, la elevada composici\u00f3n calc\u00e1rea aporta una mayor potencia y una profundidad de expresi\u00f3n sin igual.<\/p>\n<p>Es en esta zona del vi\u00f1edo donde las uvas soportan las condiciones m\u00e1s exigentes, enfrent\u00e1ndose a vientos constantes. Son precisamente estas adversidades las que dan lugar a la exquisita intensidad y finura que distinguen a este vino.<\/p>\n","protected":false},"excerpt":{"rendered":"<p>Mezcla de 48 % Malbec, 40 % Merlot y 12 % Petit Verdot, envejecida durante 16 meses en barricas de roble franc\u00e9s. Parcela \u00danica representa la culminaci\u00f3n de las mejores uvas, seleccionadas de la parcela principal situada en el cuadrante suroeste del vi\u00f1edo Araucana. Aqu\u00ed, la elevada composici\u00f3n calc\u00e1rea aporta una mayor potencia y una [&hellip;]<\/p>\n","protected":false},"featured_media":564,"template":"","meta":[],"product_brand":[],"product_cat":[75,47,31,42,46,643,363,70,61],"product_tag":[],"class_list":{"0":"post-3922","1":"product","2":"type-product","3":"status-publish","4":"has-post-thumbnail","6":"product_cat-0-500-metros","7":"product_cat-argentina","8":"product_cat-malbec","9":"product_cat-merlot","10":"product_cat-organico","11":"product_cat-petit-verdot","12":"product_cat-ribera-del-cuarzo","13":"product_cat-tinto","14":"product_cat-valle-del-rio-negro","15":"pa_altura-133","16":"pa_ano-110","17":"pa_bodega-ribera-del-cuarzo","19":"first","20":"instock","21":"shipping-taxable","22":"purchasable","23":"product-type-simple"},"_links":{"self":[{"href":"https:\/\/dealturawines.com\/es\/wp-json\/wp\/v2\/product\/3922","targetHints":{"allow":["GET"]}}],"collection":[{"href":"https:\/\/dealturawines.com\/es\/wp-json\/wp\/v2\/product"}],"about":[{"href":"https:\/\/dealturawines.com\/es\/wp-json\/wp\/v2\/types\/product"}],"version-history":[{"count":4,"href":"https:\/\/dealturawines.com\/es\/wp-json\/wp\/v2\/product\/3922\/revisions"}],"predecessor-version":[{"id":8910,"href":"https:\/\/dealturawines.com\/es\/wp-json\/wp\/v2\/product\/3922\/revisions\/8910"}],"wp:featuredmedia":[{"embeddable":true,"href":"https:\/\/dealturawines.com\/es\/wp-json\/wp\/v2\/media\/564"}],"wp:attachment":[{"href":"https:\/\/dealturawines.com\/es\/wp-json\/wp\/v2\/media?parent=3922"}],"wp:term":[{"taxonomy":"product_brand","embeddable":true,"href":"https:\/\/dealturawines.com\/es\/wp-json\/wp\/v2\/product_brand?post=3922"},{"taxonomy":"product_cat","embeddable":true,"href":"https:\/\/dealturawines.com\/es\/wp-json\/wp\/v2\/product_cat?post=3922"},{"taxonomy":"product_tag","embeddable":true,"href":"https:\/\/dealturawines.com\/es\/wp-json\/wp\/v2\/product_tag?post=3922"}],"curies":[{"name":"wp","href":"https:\/\/api.w.org\/{rel}","templated":true}]}}