{"id":6703,"date":"2025-08-26T23:50:25","date_gmt":"2025-08-26T21:50:25","guid":{"rendered":"https:\/\/dealturawines.com\/?post_type=product&#038;p=6703"},"modified":"2026-03-23T23:15:36","modified_gmt":"2026-03-23T22:15:36","slug":"dj-cabernet-franc-familia-mastrantonio","status":"publish","type":"product","link":"https:\/\/dealturawines.com\/es\/producto\/dj-cabernet-franc-familia-mastrantonio\/","title":{"rendered":"DJ Cabernet Franc 2018 &#8211; Familia Mastrantonio"},"content":{"rendered":"<p>De aspecto viol\u00e1ceo brillante, con aromas herb\u00e1ceos y un final persistente y prolongado.<\/p>\n<p>La crianza se realiza en barricas de roble durante 12 meses.<\/p>\n<p>Producci\u00f3n de 2400 botellas.<\/p>\n","protected":false},"excerpt":{"rendered":"<p>De aspecto viol\u00e1ceo brillante, con aromas herb\u00e1ceos y un final persistente y prolongado. La crianza se realiza en barricas de roble durante 12 meses. Producci\u00f3n de 2400 botellas.<\/p>\n","protected":false},"featured_media":8738,"template":"","meta":[],"product_brand":[],"product_cat":[76,47,33,494,70,139],"product_tag":[],"class_list":{"0":"post-6703","1":"product","2":"type-product","3":"status-publish","4":"has-post-thumbnail","6":"product_cat-500-1500-metros","7":"product_cat-argentina","8":"product_cat-cabernet-franc","9":"product_cat-familia-mastrantonio","10":"product_cat-tinto","11":"product_cat-valle-de-uco","12":"pa_altura-501","13":"pa_ano-108","14":"pa_bodega-familia-mastrantonio","16":"first","17":"instock","18":"shipping-taxable","19":"purchasable","20":"product-type-simple"},"_links":{"self":[{"href":"https:\/\/dealturawines.com\/es\/wp-json\/wp\/v2\/product\/6703","targetHints":{"allow":["GET"]}}],"collection":[{"href":"https:\/\/dealturawines.com\/es\/wp-json\/wp\/v2\/product"}],"about":[{"href":"https:\/\/dealturawines.com\/es\/wp-json\/wp\/v2\/types\/product"}],"version-history":[{"count":3,"href":"https:\/\/dealturawines.com\/es\/wp-json\/wp\/v2\/product\/6703\/revisions"}],"predecessor-version":[{"id":7838,"href":"https:\/\/dealturawines.com\/es\/wp-json\/wp\/v2\/product\/6703\/revisions\/7838"}],"wp:featuredmedia":[{"embeddable":true,"href":"https:\/\/dealturawines.com\/es\/wp-json\/wp\/v2\/media\/8738"}],"wp:attachment":[{"href":"https:\/\/dealturawines.com\/es\/wp-json\/wp\/v2\/media?parent=6703"}],"wp:term":[{"taxonomy":"product_brand","embeddable":true,"href":"https:\/\/dealturawines.com\/es\/wp-json\/wp\/v2\/product_brand?post=6703"},{"taxonomy":"product_cat","embeddable":true,"href":"https:\/\/dealturawines.com\/es\/wp-json\/wp\/v2\/product_cat?post=6703"},{"taxonomy":"product_tag","embeddable":true,"href":"https:\/\/dealturawines.com\/es\/wp-json\/wp\/v2\/product_tag?post=6703"}],"curies":[{"name":"wp","href":"https:\/\/api.w.org\/{rel}","templated":true}]}}