{"id":7376,"date":"2025-08-30T20:49:23","date_gmt":"2025-08-30T18:49:23","guid":{"rendered":"https:\/\/dealturawines.com\/?post_type=product&#038;p=7376"},"modified":"2026-03-25T20:13:47","modified_gmt":"2026-03-25T19:13:47","slug":"semillon-paso-a-paso","status":"publish","type":"product","link":"https:\/\/dealturawines.com\/es\/producto\/semillon-paso-a-paso\/","title":{"rendered":"Semill\u00f3n 2022 &#8211; Paso a Paso"},"content":{"rendered":"<p>Un vino blanco de excepci\u00f3n elaborado mediante vinificaci\u00f3n org\u00e1nica. Fermentaci\u00f3n malol\u00e1ctica en barricas de roble, seguida de una crianza de 8 meses en barricas.<\/p>\n<p>Una a\u00f1ada \u00fanica que revela los grandes blancos argentinos y demuestra que Argentina no se limita a sus vinos tintos.<\/p>\n","protected":false},"excerpt":{"rendered":"<p>Un vino blanco de excepci\u00f3n elaborado mediante vinificaci\u00f3n org\u00e1nica. Fermentaci\u00f3n malol\u00e1ctica en barricas de roble, seguida de una crianza de 8 meses en barricas. Una a\u00f1ada \u00fanica que revela los grandes blancos argentinos y demuestra que Argentina no se limita a sus vinos tintos.<\/p>\n","protected":false},"featured_media":8683,"template":"","meta":[],"product_brand":[],"product_cat":[76,47,71,165,635,139],"product_tag":[],"class_list":{"0":"post-7376","1":"product","2":"type-product","3":"status-publish","4":"has-post-thumbnail","6":"product_cat-500-1500-metros","7":"product_cat-argentina","8":"product_cat-blanco","9":"product_cat-paso-a-paso-wines","10":"product_cat-semillon","11":"product_cat-valle-de-uco","12":"pa_altura-640","13":"pa_ano-112","14":"pa_bodega-paso-a-paso-wines","16":"first","17":"instock","18":"shipping-taxable","19":"purchasable","20":"product-type-simple"},"_links":{"self":[{"href":"https:\/\/dealturawines.com\/es\/wp-json\/wp\/v2\/product\/7376","targetHints":{"allow":["GET"]}}],"collection":[{"href":"https:\/\/dealturawines.com\/es\/wp-json\/wp\/v2\/product"}],"about":[{"href":"https:\/\/dealturawines.com\/es\/wp-json\/wp\/v2\/types\/product"}],"version-history":[{"count":3,"href":"https:\/\/dealturawines.com\/es\/wp-json\/wp\/v2\/product\/7376\/revisions"}],"predecessor-version":[{"id":7835,"href":"https:\/\/dealturawines.com\/es\/wp-json\/wp\/v2\/product\/7376\/revisions\/7835"}],"wp:featuredmedia":[{"embeddable":true,"href":"https:\/\/dealturawines.com\/es\/wp-json\/wp\/v2\/media\/8683"}],"wp:attachment":[{"href":"https:\/\/dealturawines.com\/es\/wp-json\/wp\/v2\/media?parent=7376"}],"wp:term":[{"taxonomy":"product_brand","embeddable":true,"href":"https:\/\/dealturawines.com\/es\/wp-json\/wp\/v2\/product_brand?post=7376"},{"taxonomy":"product_cat","embeddable":true,"href":"https:\/\/dealturawines.com\/es\/wp-json\/wp\/v2\/product_cat?post=7376"},{"taxonomy":"product_tag","embeddable":true,"href":"https:\/\/dealturawines.com\/es\/wp-json\/wp\/v2\/product_tag?post=7376"}],"curies":[{"name":"wp","href":"https:\/\/api.w.org\/{rel}","templated":true}]}}