{"id":8902,"date":"2026-03-25T20:15:03","date_gmt":"2026-03-25T19:15:03","guid":{"rendered":"https:\/\/dealturawines.com\/?post_type=product&#038;p=8902"},"modified":"2026-03-26T20:17:05","modified_gmt":"2026-03-26T19:17:05","slug":"rocamadre-pet-nat","status":"publish","type":"product","link":"https:\/\/dealturawines.com\/es\/producto\/rocamadre-pet-nat\/","title":{"rendered":"Rocamadre Pet-Nat 2021"},"content":{"rendered":"<p><strong>Pinot Noir 100%:<\/strong> espumante natural elaborado bajo m\u00e9todo de producci\u00f3n artesanal, que conserva la fermentaci\u00f3n en botella, logrando una burbuja fina y persistente.<\/p>\n<p>En nariz, presenta notas frescas y frutales, con predominio de frutos rojos como cerezas y frambuesas, acompa\u00f1adas por un sutil toque floral. En boca, se destaca por su acidez equilibrada y un car\u00e1cter vibrante y refrescante.<\/p>\n","protected":false},"excerpt":{"rendered":"<p>Pinot Noir 100%: espumante natural elaborado bajo m\u00e9todo de producci\u00f3n artesanal, que conserva la fermentaci\u00f3n en botella, logrando una burbuja fina y persistente. En nariz, presenta notas frescas y frutales, con predominio de frutos rojos como cerezas y frambuesas, acompa\u00f1adas por un sutil toque floral. En boca, se destaca por su acidez equilibrada y un [&hellip;]<\/p>\n","protected":false},"featured_media":8972,"template":"","meta":[],"product_brand":[],"product_cat":[76,47,43,678,70,139],"product_tag":[],"class_list":{"0":"post-8902","1":"product","2":"type-product","3":"status-publish","4":"has-post-thumbnail","6":"product_cat-500-1500-metros","7":"product_cat-argentina","8":"product_cat-pinot-noir","9":"product_cat-rocamadre","10":"product_cat-tinto","11":"product_cat-valle-de-uco","12":"pa_altura-640","13":"pa_ano-111","14":"pa_bodega-rocamadre","16":"first","17":"instock","18":"shipping-taxable","19":"purchasable","20":"product-type-simple"},"_links":{"self":[{"href":"https:\/\/dealturawines.com\/es\/wp-json\/wp\/v2\/product\/8902","targetHints":{"allow":["GET"]}}],"collection":[{"href":"https:\/\/dealturawines.com\/es\/wp-json\/wp\/v2\/product"}],"about":[{"href":"https:\/\/dealturawines.com\/es\/wp-json\/wp\/v2\/types\/product"}],"version-history":[{"count":2,"href":"https:\/\/dealturawines.com\/es\/wp-json\/wp\/v2\/product\/8902\/revisions"}],"predecessor-version":[{"id":8978,"href":"https:\/\/dealturawines.com\/es\/wp-json\/wp\/v2\/product\/8902\/revisions\/8978"}],"wp:featuredmedia":[{"embeddable":true,"href":"https:\/\/dealturawines.com\/es\/wp-json\/wp\/v2\/media\/8972"}],"wp:attachment":[{"href":"https:\/\/dealturawines.com\/es\/wp-json\/wp\/v2\/media?parent=8902"}],"wp:term":[{"taxonomy":"product_brand","embeddable":true,"href":"https:\/\/dealturawines.com\/es\/wp-json\/wp\/v2\/product_brand?post=8902"},{"taxonomy":"product_cat","embeddable":true,"href":"https:\/\/dealturawines.com\/es\/wp-json\/wp\/v2\/product_cat?post=8902"},{"taxonomy":"product_tag","embeddable":true,"href":"https:\/\/dealturawines.com\/es\/wp-json\/wp\/v2\/product_tag?post=8902"}],"curies":[{"name":"wp","href":"https:\/\/api.w.org\/{rel}","templated":true}]}}